{"id":7458,"date":"2021-12-05T14:24:20","date_gmt":"2021-12-05T14:24:20","guid":{"rendered":"https:\/\/www.alleslandschaft.com\/?page_id=7458"},"modified":"2024-02-02T17:35:27","modified_gmt":"2024-02-02T17:35:27","slug":"projects","status":"publish","type":"page","link":"https:\/\/www.alleslandschaft.com\/en\/projects\/","title":{"rendered":"Projects"},"content":{"rendered":"<section class=\"l-section wpb_row us_custom_d673ebcf height_custom color_alternate\"><div class=\"l-section-overlay\" style=\"background:#ffffff\"><\/div><div class=\"l-section-h i-cf\"><div class=\"g-cols vc_row via_grid cols_1 laptops-cols_inherit tablets-cols_inherit mobiles-cols_1 valign_middle type_default stacking_default\"><div class=\"wpb_column vc_column_container\"><div class=\"vc_column-inner\"><div class=\"wpb_text_column us_custom_78a7dfe0\"><div class=\"wpb_wrapper\"><h4><span style=\"color: #808000;\">Projects<\/span><\/h4>\n<\/div><\/div><\/div><\/div><\/div><\/div><\/section><section class=\"l-section wpb_row us_custom_fee05a30 height_custom\"><div class=\"l-section-h i-cf\"><div class=\"g-cols vc_row via_grid cols_3 laptops-cols_inherit tablets-cols_inherit mobiles-cols_1 valign_top type_default stacking_default\"><div class=\"wpb_column vc_column_container\"><div class=\"vc_column-inner\"><div class=\"w-image align_none meta_simple\"><a href=\"https:\/\/www.alleslandschaft.com\/en\/garden-shed-2022\/\" aria-label=\"Garden Shed\" class=\"w-image-h\"><img decoding=\"async\" width=\"600\" height=\"400\" src=\"https:\/\/www.alleslandschaft.com\/wp-content\/uploads\/2024\/02\/gartenhuette_teaser_en.jpg\" class=\"attachment-large size-large\" alt=\"\" loading=\"lazy\" srcset=\"https:\/\/www.alleslandschaft.com\/wp-content\/uploads\/2024\/02\/gartenhuette_teaser_en.jpg 600w, https:\/\/www.alleslandschaft.com\/wp-content\/uploads\/2024\/02\/gartenhuette_teaser_en-300x200.jpg 300w\" sizes=\"auto, (max-width: 600px) 100vw, 600px\" \/><\/a><div class=\"w-image-meta\"><div class=\"w-image-title\">Garden Shed<\/div><div class=\"w-image-description\">Altenberg, 2022<\/div><\/div><\/div><\/div><\/div><div class=\"wpb_column vc_column_container\"><div class=\"vc_column-inner\"><div class=\"w-image align_none meta_simple\"><a href=\"https:\/\/www.alleslandschaft.com\/en\/firewood-shelter-2021\/\" aria-label=\"Firewood Shelter\" class=\"w-image-h\"><img decoding=\"async\" width=\"600\" height=\"400\" src=\"https:\/\/www.alleslandschaft.com\/wp-content\/uploads\/2024\/02\/unterstand_teaser_en.jpg\" class=\"attachment-large size-large\" alt=\"\" loading=\"lazy\" srcset=\"https:\/\/www.alleslandschaft.com\/wp-content\/uploads\/2024\/02\/unterstand_teaser_en.jpg 600w, https:\/\/www.alleslandschaft.com\/wp-content\/uploads\/2024\/02\/unterstand_teaser_en-300x200.jpg 300w\" sizes=\"auto, (max-width: 600px) 100vw, 600px\" \/><\/a><div class=\"w-image-meta\"><div class=\"w-image-title\">Firewood Shelter<\/div><div class=\"w-image-description\">Baden, 2021<\/div><\/div><\/div><\/div><\/div><div class=\"wpb_column vc_column_container\"><div class=\"vc_column-inner\"><div class=\"w-image align_none meta_simple\"><a href=\"https:\/\/www.alleslandschaft.com\/en\/advisor-to-giz-jordan\/\" aria-label=\"Projects, GIZ, Jordan\" class=\"w-image-h\"><img decoding=\"async\" width=\"600\" height=\"400\" src=\"https:\/\/www.alleslandschaft.com\/wp-content\/uploads\/2021\/11\/working_amman_2.jpg\" class=\"attachment-large size-large\" alt=\"Projects, GIZ, Jordan\" loading=\"lazy\" srcset=\"https:\/\/www.alleslandschaft.com\/wp-content\/uploads\/2021\/11\/working_amman_2.jpg 600w, https:\/\/www.alleslandschaft.com\/wp-content\/uploads\/2021\/11\/working_amman_2-300x200.jpg 300w\" sizes=\"auto, (max-width: 600px) 100vw, 600px\" \/><\/a><div class=\"w-image-meta\"><div class=\"w-image-title\">Projects, GIZ, Jordan<\/div><div class=\"w-image-description\">Jordan, 2017\u20132020<\/div><\/div><\/div><\/div><\/div><div class=\"wpb_column vc_column_container\"><div class=\"vc_column-inner\"><div class=\"w-image align_none meta_simple\"><a href=\"https:\/\/www.alleslandschaft.com\/en\/advisor-to-giz-jordan\/\" aria-label=\"Schiele Garden\" class=\"w-image-h\"><img decoding=\"async\" width=\"600\" height=\"400\" src=\"https:\/\/www.alleslandschaft.com\/wp-content\/uploads\/2021\/11\/schiele_garten_tulln.jpg\" class=\"attachment-large size-large\" alt=\"\" loading=\"lazy\" srcset=\"https:\/\/www.alleslandschaft.com\/wp-content\/uploads\/2021\/11\/schiele_garten_tulln.jpg 600w, https:\/\/www.alleslandschaft.com\/wp-content\/uploads\/2021\/11\/schiele_garten_tulln-300x200.jpg 300w\" sizes=\"auto, (max-width: 600px) 100vw, 600px\" \/><\/a><div class=\"w-image-meta\"><div class=\"w-image-title\">Schiele Garden<\/div><div class=\"w-image-description\">Garden Tulln, 2015<\/div><\/div><\/div><\/div><\/div><\/div><\/div><\/section><section class=\"l-section wpb_row us_custom_e4eb24e1 height_custom\"><div class=\"l-section-h i-cf\"><div class=\"g-cols vc_row via_grid cols_1 laptops-cols_inherit tablets-cols_inherit mobiles-cols_1 valign_top type_default stacking_default\"><div class=\"wpb_column vc_column_container\"><div class=\"vc_column-inner\"><div class=\"wpb_text_column\"><div class=\"wpb_wrapper\"><h6><span style=\"color: #808000;\">Selected projects<\/span><\/h6>\n<ul>\n<li>Garden shed, Altenberg in Lower Austria, 2022 <a href=\"https:\/\/www.alleslandschaft.com\/en\/garden-shed-2022\/\">Project page<\/a><\/li>\n<li>Firewood shelter, Baden in Lower Austria, 2021 <a href=\"https:\/\/www.alleslandschaft.com\/en\/firewood-shelter-2021\/\">Project page<\/a><\/li>\n<li>Gesellschaft f\u00fcr internationale Zusammenarbeit \u2013 GIZ, Consultant for Green Infrastructure in Jordan, 2018\u20132020 <a href=\"https:\/\/www.alleslandschaft.com\/en\/advisor-to-giz-jordan\/\">Project page<\/a><\/li>\n<li>Schiele Garden, Garten Tulln 2015, in cooperation with DI Ingo \u00d6sterreicher <a href=\"https:\/\/www.alleslandschaft.com\/en\/schiele-garden-2015\/\" target=\"_blank\" rel=\"noopener\">Project page<\/a><\/li>\n<\/ul>\n<h6><span style=\"color: #808000;\">Projects study period<\/span><\/h6>\n<ul>\n<li>Significance of abbeys and monasteries in spatial development, O. Univ.-Prof. Dipl.-Ing. Dr. Gerlind Weber and Mag. Dr. Tatjana Fischer, Vienna, March 2013<\/li>\n<li>Sustainable Development, Dr. J\u00fcrg Minsch, Vienna 2012<\/li>\n<li>Precautionary Environmental Management \u2013 Sustainable Development, Bad Blumau, Dr. Alfred Strigl, June 2011<\/li>\n<li>Agriculture in urban areas \u2013 structural change and importance for the preservation of the multifunctionality of soil, Vienna, Dr. Kim Meyer-Chech, October 2010<\/li>\n<li>Site analysis and design idea, Wulkaprodersdorf, DI Katja Simma, May 2010<\/li>\n<li>Visions for the <em>Alte Molkerei,<\/em> Vienna, Dr. Tatjana Fischer, December 2008<\/li>\n<li>Analysis of the current state of the M\u00fcrzer Oberland Nature Park with regard to recreation and tourism and its potential, M\u00fcrzer Oberland Nature Park, Univ. Prof. Dr. Ulrike Pr\u00f6bstl, June 2008<\/li>\n<li>Peonies KWT Tulln 2002<\/li>\n<\/ul>\n<\/div><\/div><\/div><\/div><\/div><\/div><\/section><section class=\"l-section wpb_row us_custom_8cd4af33 height_custom\"><div class=\"l-section-h i-cf\"><div class=\"g-cols vc_row via_grid cols_3 laptops-cols_inherit tablets-cols_inherit mobiles-cols_1 valign_top type_default stacking_default\"><div class=\"wpb_column vc_column_container\"><div class=\"vc_column-inner\"><div class=\"wpb_text_column\"><div class=\"wpb_wrapper\"><p><span style=\"color: #e8e8e8;\">alles landschaft<\/span><\/p>\n<p><span style=\"color: #e8e8e8;\">Office for landscape architecture<\/span><br \/><span style=\"color: #e8e8e8;\">Schwendergasse 1a\/21<\/span><br \/><span style=\"color: #e8e8e8;\">1150 Vienna, Austria<\/span><\/p>\n<\/div><\/div><\/div><\/div><div class=\"wpb_column vc_column_container\"><div class=\"vc_column-inner\"><div class=\"wpb_text_column\"><div class=\"wpb_wrapper\"><p><span style=\"color: #f5f5f5;\">Mario Schmid<\/span><br class=\"\u201dclear\u201d\" \/><a href=\"mailto:office@alleslandschaft.com\">office@alleslandschaft.com<\/a><br class=\"\u201dclear\u201d\" \/><span style=\"color: #f5f5f5;\">+43 699 11 757 619<\/span><\/p>\n<\/div><\/div><\/div><\/div><div class=\"wpb_column vc_column_container\"><div class=\"vc_column-inner\"><div class=\"wpb_text_column\"><div class=\"wpb_wrapper\"><p><span style=\"color: #f5f5f5;\">Commercial name:<br \/>alles landschaft e.U.<\/span><br \/><span style=\"color: #f5f5f5;\">legal form: Einzelunternehmer<\/span><br \/><span style=\"color: #f5f5f5;\">Registration Number: 564457i<\/span><br \/><span style=\"color: #f5f5f5;\">VAT-number: ATU77361819<\/span><br \/><span style=\"color: #f5f5f5;\">place of jurisdiction: Wien<\/span><\/p>\n<\/div><\/div><\/div><\/div><\/div><\/div><\/section>\n","protected":false},"excerpt":{"rendered":"","protected":false},"author":1,"featured_media":0,"parent":0,"menu_order":0,"comment_status":"closed","ping_status":"closed","template":"","meta":{"footnotes":""},"class_list":["post-7458","page","type-page","status-publish","hentry"],"yoast_head":"<!-- This site is optimized with the Yoast SEO plugin v27.3 - https:\/\/yoast.com\/product\/yoast-seo-wordpress\/ -->\n<title>Projects | alles landschaft<\/title>\n<meta name=\"description\" content=\"alles landschaft \u2013 Mario Schmid is a landscape architect with a focus on international cooperation.\" \/>\n<meta name=\"robots\" content=\"index, follow, max-snippet:-1, max-image-preview:large, max-video-preview:-1\" \/>\n<link rel=\"canonical\" href=\"https:\/\/www.alleslandschaft.com\/en\/projects\/\" \/>\n<meta property=\"og:locale\" content=\"en_US\" \/>\n<meta property=\"og:type\" content=\"article\" \/>\n<meta property=\"og:title\" content=\"Projects | alles landschaft\" \/>\n<meta property=\"og:description\" content=\"alles landschaft \u2013 Mario Schmid is a landscape architect with a focus on international cooperation.\" \/>\n<meta property=\"og:url\" content=\"https:\/\/www.alleslandschaft.com\/en\/projects\/\" \/>\n<meta property=\"og:site_name\" content=\"alles landschaft\" \/>\n<meta property=\"article:modified_time\" content=\"2024-02-02T17:35:27+00:00\" \/>\n<meta name=\"twitter:card\" content=\"summary_large_image\" \/>\n<meta name=\"twitter:label1\" content=\"Est. reading time\" \/>\n\t<meta name=\"twitter:data1\" content=\"2 minutes\" \/>\n<script type=\"application\/ld+json\" class=\"yoast-schema-graph\">{\"@context\":\"https:\\\/\\\/schema.org\",\"@graph\":[{\"@type\":\"WebPage\",\"@id\":\"https:\\\/\\\/www.alleslandschaft.com\\\/en\\\/projects\\\/\",\"url\":\"https:\\\/\\\/www.alleslandschaft.com\\\/en\\\/projects\\\/\",\"name\":\"Projects | alles landschaft\",\"isPartOf\":{\"@id\":\"https:\\\/\\\/www.alleslandschaft.com\\\/en\\\/#website\"},\"datePublished\":\"2021-12-05T14:24:20+00:00\",\"dateModified\":\"2024-02-02T17:35:27+00:00\",\"description\":\"alles landschaft \u2013 Mario Schmid is a landscape architect with a focus on international cooperation.\",\"breadcrumb\":{\"@id\":\"https:\\\/\\\/www.alleslandschaft.com\\\/en\\\/projects\\\/#breadcrumb\"},\"inLanguage\":\"en-US\",\"potentialAction\":[{\"@type\":\"ReadAction\",\"target\":[\"https:\\\/\\\/www.alleslandschaft.com\\\/en\\\/projects\\\/\"]}]},{\"@type\":\"BreadcrumbList\",\"@id\":\"https:\\\/\\\/www.alleslandschaft.com\\\/en\\\/projects\\\/#breadcrumb\",\"itemListElement\":[{\"@type\":\"ListItem\",\"position\":1,\"name\":\"Startseite\",\"item\":\"https:\\\/\\\/www.alleslandschaft.com\\\/en\\\/\"},{\"@type\":\"ListItem\",\"position\":2,\"name\":\"Projects\"}]},{\"@type\":\"WebSite\",\"@id\":\"https:\\\/\\\/www.alleslandschaft.com\\\/en\\\/#website\",\"url\":\"https:\\\/\\\/www.alleslandschaft.com\\\/en\\\/\",\"name\":\"alles landschaft\",\"description\":\"Mario Schmid ist Landschaftsarchitekt mit einem Schwerpunkt auf internationale Zusammenarbeit\",\"potentialAction\":[{\"@type\":\"SearchAction\",\"target\":{\"@type\":\"EntryPoint\",\"urlTemplate\":\"https:\\\/\\\/www.alleslandschaft.com\\\/en\\\/?s={search_term_string}\"},\"query-input\":{\"@type\":\"PropertyValueSpecification\",\"valueRequired\":true,\"valueName\":\"search_term_string\"}}],\"inLanguage\":\"en-US\"}]}<\/script>\n<!-- \/ Yoast SEO plugin. -->","yoast_head_json":{"title":"Projects | alles landschaft","description":"alles landschaft \u2013 Mario Schmid is a landscape architect with a focus on international cooperation.","robots":{"index":"index","follow":"follow","max-snippet":"max-snippet:-1","max-image-preview":"max-image-preview:large","max-video-preview":"max-video-preview:-1"},"canonical":"https:\/\/www.alleslandschaft.com\/en\/projects\/","og_locale":"en_US","og_type":"article","og_title":"Projects | alles landschaft","og_description":"alles landschaft \u2013 Mario Schmid is a landscape architect with a focus on international cooperation.","og_url":"https:\/\/www.alleslandschaft.com\/en\/projects\/","og_site_name":"alles landschaft","article_modified_time":"2024-02-02T17:35:27+00:00","twitter_card":"summary_large_image","twitter_misc":{"Est. reading time":"2 minutes"},"schema":{"@context":"https:\/\/schema.org","@graph":[{"@type":"WebPage","@id":"https:\/\/www.alleslandschaft.com\/en\/projects\/","url":"https:\/\/www.alleslandschaft.com\/en\/projects\/","name":"Projects | alles landschaft","isPartOf":{"@id":"https:\/\/www.alleslandschaft.com\/en\/#website"},"datePublished":"2021-12-05T14:24:20+00:00","dateModified":"2024-02-02T17:35:27+00:00","description":"alles landschaft \u2013 Mario Schmid is a landscape architect with a focus on international cooperation.","breadcrumb":{"@id":"https:\/\/www.alleslandschaft.com\/en\/projects\/#breadcrumb"},"inLanguage":"en-US","potentialAction":[{"@type":"ReadAction","target":["https:\/\/www.alleslandschaft.com\/en\/projects\/"]}]},{"@type":"BreadcrumbList","@id":"https:\/\/www.alleslandschaft.com\/en\/projects\/#breadcrumb","itemListElement":[{"@type":"ListItem","position":1,"name":"Startseite","item":"https:\/\/www.alleslandschaft.com\/en\/"},{"@type":"ListItem","position":2,"name":"Projects"}]},{"@type":"WebSite","@id":"https:\/\/www.alleslandschaft.com\/en\/#website","url":"https:\/\/www.alleslandschaft.com\/en\/","name":"alles landschaft","description":"Mario Schmid ist Landschaftsarchitekt mit einem Schwerpunkt auf internationale Zusammenarbeit","potentialAction":[{"@type":"SearchAction","target":{"@type":"EntryPoint","urlTemplate":"https:\/\/www.alleslandschaft.com\/en\/?s={search_term_string}"},"query-input":{"@type":"PropertyValueSpecification","valueRequired":true,"valueName":"search_term_string"}}],"inLanguage":"en-US"}]}},"_links":{"self":[{"href":"https:\/\/www.alleslandschaft.com\/en\/wp-json\/wp\/v2\/pages\/7458","targetHints":{"allow":["GET"]}}],"collection":[{"href":"https:\/\/www.alleslandschaft.com\/en\/wp-json\/wp\/v2\/pages"}],"about":[{"href":"https:\/\/www.alleslandschaft.com\/en\/wp-json\/wp\/v2\/types\/page"}],"author":[{"embeddable":true,"href":"https:\/\/www.alleslandschaft.com\/en\/wp-json\/wp\/v2\/users\/1"}],"replies":[{"embeddable":true,"href":"https:\/\/www.alleslandschaft.com\/en\/wp-json\/wp\/v2\/comments?post=7458"}],"version-history":[{"count":49,"href":"https:\/\/www.alleslandschaft.com\/en\/wp-json\/wp\/v2\/pages\/7458\/revisions"}],"predecessor-version":[{"id":7780,"href":"https:\/\/www.alleslandschaft.com\/en\/wp-json\/wp\/v2\/pages\/7458\/revisions\/7780"}],"wp:attachment":[{"href":"https:\/\/www.alleslandschaft.com\/en\/wp-json\/wp\/v2\/media?parent=7458"}],"curies":[{"name":"wp","href":"https:\/\/api.w.org\/{rel}","templated":true}]}}